{"id":641,"date":"2015-05-07T10:53:00","date_gmt":"2015-05-07T08:53:00","guid":{"rendered":"http:\/\/osrodekzwirek.pl\/de\/o-nas\/"},"modified":"2016-10-05T12:59:20","modified_gmt":"2016-10-05T10:59:20","slug":"o-nas","status":"publish","type":"page","link":"http:\/\/osrodekzwirek.pl\/de\/o-nas\/","title":{"rendered":"\u00dcber Uns"},"content":{"rendered":"<p>Das Erholungszentrum \u201e\u017bwirek\u201d befindet sich in Luboszyce bei Opole (Oppeln) in der Woiwodschaft Oppeln (Polen). Das Zentrum wurde 2007 gegr\u00fcndet.<\/p>\n<p>In diesem Zeitraum haben wir mehrere Hochzeiten und Firmentreffen organisiert, von denen die Kunden begeistert waren.<\/p>\n<p>\u201e\u017bwirek\u201d, denn so lautet der Name unseres Erholungszentrums, ist ganzj\u00e4hrig ge\u00f6ffnet. W\u00e4hrend Ihres Besuches bei uns haben Sie die M\u00f6glichkeit, die Natur hautnah zu erleben. Wiesen, W\u00e4lder, Seen und der nahegelegene Fluss sowie die Vielzahl von V\u00f6geln sorgen f\u00fcr Ihre Erholung. Somit werden Sie den Alltag schnell vergessen.<\/p>\n<p>Zu Ihrer Verf\u00fcgung steht auch ein Gartenh\u00e4uschen mit Grill und Holzb\u00e4nken f\u00fcr bis zu 200 Personen, hier finden Sie auch eine Tanzfl\u00e4che und gemauerte R\u00e4ucherei, in der Sie ger\u00e4ucherte Fische und sonstige Leckereien r\u00e4uchern d\u00fcrfen :)<\/p>\n<p>Das Erholungszentrum ist umgeben von B\u00e4umen und Str\u00e4uchern mit vielen Springbrunnen. Abends k\u00f6nnen Sie die Promenade oder Hafenmole bei Mondlicht entlangspazieren.<br \/>\nAnglern stehen zur Wahl folgende Fischarten: Karpfen, Grasfisch, Hecht, Sander, Pl\u00f6tze, Barsch, Silberkarpfen, Wels und St\u00f6r.<\/p>\n<p>Unser Restaurant bietet gutes hausgemachtes Essen wie auch Fische aus dem Ofen, z.B.: Karpfen, Forelle, Lachs, Sander und Heilbutt.<br \/>\nZu Ihrer Verf\u00fcgung stehen auch klimatisierte Zweibettzimmer mit Bad.<\/p>\n<p>Herzlich Willkommen!<\/p>\n","protected":false},"excerpt":{"rendered":"<p>Das Erholungszentrum \u201e\u017bwirek\u201d befindet sich in Luboszyce bei Opole (Oppeln) in der Woiwodschaft Oppeln (Polen). Das Zentrum wurde 2007 gegr\u00fcndet. In diesem Zeitraum haben wir mehrere Hochzeiten und Firmentreffen organisiert, von denen die Kunden begeistert waren. \u201e\u017bwirek\u201d, denn so lautet der Name unseres Erholungszentrums, ist ganzj\u00e4hrig ge\u00f6ffnet. W\u00e4hrend Ihres Besuches bei uns haben Sie die [&hellip;]<\/p>\n","protected":false},"author":1,"featured_media":0,"parent":0,"menu_order":1,"comment_status":"open","ping_status":"open","template":"templates\/page-onas.php","meta":{"footnotes":""},"class_list":["post-641","page","type-page","status-publish","hentry"],"_links":{"self":[{"href":"http:\/\/osrodekzwirek.pl\/de\/wp-json\/wp\/v2\/pages\/641"}],"collection":[{"href":"http:\/\/osrodekzwirek.pl\/de\/wp-json\/wp\/v2\/pages"}],"about":[{"href":"http:\/\/osrodekzwirek.pl\/de\/wp-json\/wp\/v2\/types\/page"}],"author":[{"embeddable":true,"href":"http:\/\/osrodekzwirek.pl\/de\/wp-json\/wp\/v2\/users\/1"}],"replies":[{"embeddable":true,"href":"http:\/\/osrodekzwirek.pl\/de\/wp-json\/wp\/v2\/comments?post=641"}],"version-history":[{"count":3,"href":"http:\/\/osrodekzwirek.pl\/de\/wp-json\/wp\/v2\/pages\/641\/revisions"}],"predecessor-version":[{"id":775,"href":"http:\/\/osrodekzwirek.pl\/de\/wp-json\/wp\/v2\/pages\/641\/revisions\/775"}],"wp:attachment":[{"href":"http:\/\/osrodekzwirek.pl\/de\/wp-json\/wp\/v2\/media?parent=641"}],"curies":[{"name":"wp","href":"https:\/\/api.w.org\/{rel}","templated":true}]}}